{"id":861,"date":"2022-10-24T13:08:18","date_gmt":"2022-10-24T13:08:18","guid":{"rendered":"https:\/\/www.espaciosalvaje.com\/home\/"},"modified":"2024-01-22T21:22:56","modified_gmt":"2024-01-22T20:22:56","slug":"home","status":"publish","type":"page","link":"https:\/\/www.espaciosalvaje.com\/en\/","title":{"rendered":"Home"},"content":{"rendered":"<div data-elementor-type=\"wp-page\" data-elementor-id=\"861\" class=\"elementor elementor-861\" data-elementor-post-type=\"page\">\n\t\t\t\t\t\t<section class=\"elementor-section elementor-top-section elementor-element elementor-element-5358a9b elementor-section-height-min-height elementor-section-boxed elementor-section-height-default elementor-section-items-middle\" data-id=\"5358a9b\" data-element_type=\"section\" data-e-type=\"section\" data-settings=\"{&quot;background_background&quot;:&quot;classic&quot;}\">\n\t\t\t\t\t\t\t<div class=\"elementor-background-overlay\"><\/div>\n\t\t\t\t\t\t\t<div class=\"elementor-container elementor-column-gap-no\">\n\t\t\t\t\t<div class=\"elementor-column elementor-col-100 elementor-top-column elementor-element elementor-element-9a5b894\" data-id=\"9a5b894\" data-element_type=\"column\" data-e-type=\"column\">\n\t\t\t<div class=\"elementor-widget-wrap elementor-element-populated\">\n\t\t\t\t\t\t<div class=\"elementor-element elementor-element-483d36e elementor-widget elementor-widget-heading\" data-id=\"483d36e\" data-element_type=\"widget\" data-e-type=\"widget\" data-widget_type=\"heading.default\">\n\t\t\t\t<div class=\"elementor-widget-container\">\n\t\t\t\t\t<h1 class=\"elementor-heading-title elementor-size-default\">Espacio Salvaje<\/h1>\t\t\t\t<\/div>\n\t\t\t\t<\/div>\n\t\t\t\t<div class=\"elementor-element elementor-element-1c75878 elementor-widget elementor-widget-heading\" data-id=\"1c75878\" data-element_type=\"widget\" data-e-type=\"widget\" data-widget_type=\"heading.default\">\n\t\t\t\t<div class=\"elementor-widget-container\">\n\t\t\t\t\t<h2 class=\"elementor-heading-title elementor-size-default\">nature photography<\/h2>\t\t\t\t<\/div>\n\t\t\t\t<\/div>\n\t\t\t\t<div class=\"elementor-element elementor-element-1668a5a elementor-widget elementor-widget-text-editor\" data-id=\"1668a5a\" data-element_type=\"widget\" data-e-type=\"widget\" data-widget_type=\"text-editor.default\">\n\t\t\t\t<div class=\"elementor-widget-container\">\n\t\t\t\t\t\t\t\t\t<p>Fauna and nature in its purest state<\/p>\t\t\t\t\t\t\t\t<\/div>\n\t\t\t\t<\/div>\n\t\t\t\t\t<\/div>\n\t\t<\/div>\n\t\t\t\t\t<\/div>\n\t\t<\/section>\n\t\t\t\t<section class=\"elementor-section elementor-top-section elementor-element elementor-element-ca1319b elementor-section-content-middle elementor-section-boxed elementor-section-height-default elementor-section-height-default\" data-id=\"ca1319b\" data-element_type=\"section\" data-e-type=\"section\" data-settings=\"{&quot;background_background&quot;:&quot;classic&quot;}\">\n\t\t\t\t\t\t\t<div class=\"elementor-background-overlay\"><\/div>\n\t\t\t\t\t\t\t<div class=\"elementor-container elementor-column-gap-no\">\n\t\t\t\t\t<div class=\"elementor-column elementor-col-50 elementor-top-column elementor-element elementor-element-84ba63f\" data-id=\"84ba63f\" data-element_type=\"column\" data-e-type=\"column\" data-settings=\"{&quot;background_background&quot;:&quot;classic&quot;}\">\n\t\t\t<div class=\"elementor-widget-wrap elementor-element-populated\">\n\t\t\t\t\t\t<section class=\"elementor-section elementor-inner-section elementor-element elementor-element-bc00401 elementor-section-full_width elementor-section-height-default elementor-section-height-default\" data-id=\"bc00401\" data-element_type=\"section\" data-e-type=\"section\" data-settings=\"{&quot;background_background&quot;:&quot;classic&quot;}\">\n\t\t\t\t\t\t<div class=\"elementor-container elementor-column-gap-no\">\n\t\t\t\t\t<div class=\"elementor-column elementor-col-100 elementor-inner-column elementor-element elementor-element-4516c48f\" data-id=\"4516c48f\" data-element_type=\"column\" data-e-type=\"column\">\n\t\t\t<div class=\"elementor-widget-wrap elementor-element-populated\">\n\t\t\t\t\t\t<div class=\"elementor-element elementor-element-238c64e7 elementor-widget elementor-widget-image\" data-id=\"238c64e7\" data-element_type=\"widget\" data-e-type=\"widget\" data-widget_type=\"image.default\">\n\t\t\t\t<div class=\"elementor-widget-container\">\n\t\t\t\t\t\t\t\t\t\t\t\t\t\t\t<img fetchpriority=\"high\" decoding=\"async\" width=\"1199\" height=\"1199\" src=\"https:\/\/www.espaciosalvaje.com\/wp-content\/uploads\/2023\/04\/Carroneras1.jpg\" class=\"attachment-full size-full wp-image-722\" alt=\"carrion bird 2\" srcset=\"https:\/\/www.espaciosalvaje.com\/wp-content\/uploads\/2023\/04\/Carroneras1.jpg 1199w, https:\/\/www.espaciosalvaje.com\/wp-content\/uploads\/2023\/04\/Carroneras1-300x300.jpg 300w, https:\/\/www.espaciosalvaje.com\/wp-content\/uploads\/2023\/04\/Carroneras1-1024x1024.jpg 1024w, https:\/\/www.espaciosalvaje.com\/wp-content\/uploads\/2023\/04\/Carroneras1-150x150.jpg 150w, https:\/\/www.espaciosalvaje.com\/wp-content\/uploads\/2023\/04\/Carroneras1-768x768.jpg 768w, https:\/\/www.espaciosalvaje.com\/wp-content\/uploads\/2023\/04\/Carroneras1-12x12.jpg 12w\" sizes=\"(max-width: 1199px) 100vw, 1199px\" \/>\t\t\t\t\t\t\t\t\t\t\t\t\t\t\t<\/div>\n\t\t\t\t<\/div>\n\t\t\t\t\t<\/div>\n\t\t<\/div>\n\t\t\t\t\t<\/div>\n\t\t<\/section>\n\t\t\t\t\t<\/div>\n\t\t<\/div>\n\t\t\t\t<div class=\"elementor-column elementor-col-50 elementor-top-column elementor-element elementor-element-6c1ff2b8\" data-id=\"6c1ff2b8\" data-element_type=\"column\" data-e-type=\"column\" data-settings=\"{&quot;background_background&quot;:&quot;classic&quot;}\">\n\t\t\t<div class=\"elementor-widget-wrap elementor-element-populated\">\n\t\t\t\t\t\t<section class=\"elementor-section elementor-inner-section elementor-element elementor-element-2c442266 elementor-section-content-middle elementor-section-boxed elementor-section-height-default elementor-section-height-default\" data-id=\"2c442266\" data-element_type=\"section\" data-e-type=\"section\">\n\t\t\t\t\t\t<div class=\"elementor-container elementor-column-gap-default\">\n\t\t\t\t\t<div class=\"elementor-column elementor-col-50 elementor-inner-column elementor-element elementor-element-6158c394\" data-id=\"6158c394\" data-element_type=\"column\" data-e-type=\"column\">\n\t\t\t<div class=\"elementor-widget-wrap elementor-element-populated\">\n\t\t\t\t\t\t<div class=\"elementor-element elementor-element-4328c21f elementor-widget-divider--view-line elementor-widget elementor-widget-divider\" data-id=\"4328c21f\" data-element_type=\"widget\" data-e-type=\"widget\" data-widget_type=\"divider.default\">\n\t\t\t\t<div class=\"elementor-widget-container\">\n\t\t\t\t\t\t\t<div class=\"elementor-divider\">\n\t\t\t<span class=\"elementor-divider-separator\">\n\t\t\t\t\t\t<\/span>\n\t\t<\/div>\n\t\t\t\t\t\t<\/div>\n\t\t\t\t<\/div>\n\t\t\t\t\t<\/div>\n\t\t<\/div>\n\t\t\t\t<div class=\"elementor-column elementor-col-50 elementor-inner-column elementor-element elementor-element-3005e647\" data-id=\"3005e647\" data-element_type=\"column\" data-e-type=\"column\">\n\t\t\t<div class=\"elementor-widget-wrap elementor-element-populated\">\n\t\t\t\t\t\t<div class=\"elementor-element elementor-element-2516fac9 elementor-widget elementor-widget-heading\" data-id=\"2516fac9\" data-element_type=\"widget\" data-e-type=\"widget\" data-widget_type=\"heading.default\">\n\t\t\t\t<div class=\"elementor-widget-container\">\n\t\t\t\t\t<div class=\"elementor-heading-title elementor-size-default\">Discover the Arribes del Duero with us<\/div>\t\t\t\t<\/div>\n\t\t\t\t<\/div>\n\t\t\t\t\t<\/div>\n\t\t<\/div>\n\t\t\t\t\t<\/div>\n\t\t<\/section>\n\t\t\t\t<div class=\"elementor-element elementor-element-32e47bdd elementor-widget elementor-widget-heading\" data-id=\"32e47bdd\" data-element_type=\"widget\" data-e-type=\"widget\" data-widget_type=\"heading.default\">\n\t\t\t\t<div class=\"elementor-widget-container\">\n\t\t\t\t\t<h2 class=\"elementor-heading-title elementor-size-default\">Nature in Freedom<\/h2>\t\t\t\t<\/div>\n\t\t\t\t<\/div>\n\t\t\t\t<div class=\"elementor-element elementor-element-127c4eea elementor-widget elementor-widget-spacer\" data-id=\"127c4eea\" data-element_type=\"widget\" data-e-type=\"widget\" data-widget_type=\"spacer.default\">\n\t\t\t\t<div class=\"elementor-widget-container\">\n\t\t\t\t\t\t\t<div class=\"elementor-spacer\">\n\t\t\t<div class=\"elementor-spacer-inner\"><\/div>\n\t\t<\/div>\n\t\t\t\t\t\t<\/div>\n\t\t\t\t<\/div>\n\t\t\t\t<div class=\"elementor-element elementor-element-3d9dca67 elementor-widget elementor-widget-text-editor\" data-id=\"3d9dca67\" data-element_type=\"widget\" data-e-type=\"widget\" data-widget_type=\"text-editor.default\">\n\t\t\t\t<div class=\"elementor-widget-container\">\n\t\t\t\t\t\t\t\t\t<p>Espacio Salvaje is a project specialized in nature observation tourism, and created by native people specialized in offering people incredible experiences in nature focused especially on the Arribes del Duero.<\/p><p>With us you will be able to have the Iberian Wolf, the Golden Eagle, Kites,... and an endless number of animals very close in total freedom, and enjoy the most incredible environments of the Arribes del Duero in the Province of Zamora.<\/p><p>You will be able to take routes on foot, by mountain bike, by boat, by paragliding,... through the best environments in the province of Zamora, stay in charming establishments, enjoy the best gastronomic experience in the area, at the same time that you enjoy the nature in complete freedom.<\/p><p>In Espacio Salvaje you will have the peace of mind that we have all the permits and authorizations to carry out our activity, respecting not only the landscape, but also the fauna with which we pay special care.<\/p><p>Aware of the needs we have in the province of Zamora, Espacio Salvaje wants to collaborate with the economic and social development of the province and value all the resources we have that are not only landscape and fauna.<\/p><p>For all this, we encourage you to enjoy with us all the experiences that the environment makes available to us, always with the respect and education that we must give to our most valuable resource, Nature.<\/p>\t\t\t\t\t\t\t\t<\/div>\n\t\t\t\t<\/div>\n\t\t\t\t\t<\/div>\n\t\t<\/div>\n\t\t\t\t\t<\/div>\n\t\t<\/section>\n\t\t\t\t<\/div>","protected":false},"excerpt":{"rendered":"<p>Espacio Salvaje Fotograf\u00eda de naturaleza Fauna y naturaleza en estado puro Descubre los Arribes del Duero con Nosotros Naturaleza en Libertad Espacio Salvaje es un proyecto especializado en el turismo de observaci\u00f3n de la naturaleza, y creada por personas oriundas y especializadas en ofrecer a las personas experiencias incre\u00edbles en la naturaleza centradas especialmente en [&hellip;]<\/p>\n","protected":false},"author":1,"featured_media":0,"parent":0,"menu_order":1,"comment_status":"closed","ping_status":"closed","template":"","meta":{"site-sidebar-layout":"no-sidebar","site-content-layout":"page-builder","ast-site-content-layout":"full-width-container","site-content-style":"unboxed","site-sidebar-style":"unboxed","ast-global-header-display":"","ast-banner-title-visibility":"","ast-main-header-display":"","ast-hfb-above-header-display":"","ast-hfb-below-header-display":"","ast-hfb-mobile-header-display":"","site-post-title":"disabled","ast-breadcrumbs-content":"","ast-featured-img":"disabled","footer-sml-layout":"","ast-disable-related-posts":"","theme-transparent-header-meta":"enabled","adv-header-id-meta":"","stick-header-meta":"default","header-above-stick-meta":"","header-main-stick-meta":"","header-below-stick-meta":"","astra-migrate-meta-layouts":"set","ast-page-background-enabled":"default","ast-page-background-meta":{"desktop":{"background-color":"var(--ast-global-color-4)","background-image":"","background-repeat":"repeat","background-position":"center center","background-size":"auto","background-attachment":"scroll","background-type":"","background-media":"","overlay-type":"","overlay-color":"","overlay-opacity":"","overlay-gradient":""},"tablet":{"background-color":"","background-image":"","background-repeat":"repeat","background-position":"center center","background-size":"auto","background-attachment":"scroll","background-type":"","background-media":"","overlay-type":"","overlay-color":"","overlay-opacity":"","overlay-gradient":""},"mobile":{"background-color":"","background-image":"","background-repeat":"repeat","background-position":"center center","background-size":"auto","background-attachment":"scroll","background-type":"","background-media":"","overlay-type":"","overlay-color":"","overlay-opacity":"","overlay-gradient":""}},"ast-content-background-meta":{"desktop":{"background-color":"var(--ast-global-color-5)","background-image":"","background-repeat":"repeat","background-position":"center center","background-size":"auto","background-attachment":"scroll","background-type":"","background-media":"","overlay-type":"","overlay-color":"","overlay-opacity":"","overlay-gradient":""},"tablet":{"background-color":"var(--ast-global-color-5)","background-image":"","background-repeat":"repeat","background-position":"center center","background-size":"auto","background-attachment":"scroll","background-type":"","background-media":"","overlay-type":"","overlay-color":"","overlay-opacity":"","overlay-gradient":""},"mobile":{"background-color":"var(--ast-global-color-5)","background-image":"","background-repeat":"repeat","background-position":"center center","background-size":"auto","background-attachment":"scroll","background-type":"","background-media":"","overlay-type":"","overlay-color":"","overlay-opacity":"","overlay-gradient":""}},"_joinchat":[],"footnotes":""},"class_list":["post-861","page","type-page","status-publish","hentry"],"yoast_head":"<!-- This site is optimized with the Yoast SEO plugin v27.4 - https:\/\/yoast.com\/product\/yoast-seo-wordpress\/ -->\n<title>Espacio Salvaje<\/title>\n<meta name=\"description\" content=\"Descubre la naturaleza en su m\u00e1xima expresi\u00f3n con Espacio Salvaje: Observa fauna libre y paisajes \u00fanicos en los Arribes del Duero.\" \/>\n<meta name=\"robots\" content=\"index, follow, max-snippet:-1, max-image-preview:large, max-video-preview:-1\" \/>\n<link rel=\"canonical\" href=\"https:\/\/www.espaciosalvaje.com\/en\/\" \/>\n<meta property=\"og:locale\" content=\"en_US\" \/>\n<meta property=\"og:type\" content=\"article\" \/>\n<meta property=\"og:title\" content=\"Espacio Salvaje\" \/>\n<meta property=\"og:description\" content=\"Descubre la naturaleza en su m\u00e1xima expresi\u00f3n con Espacio Salvaje: Observa fauna libre y paisajes \u00fanicos en los Arribes del Duero.\" \/>\n<meta property=\"og:url\" content=\"https:\/\/www.espaciosalvaje.com\/en\/\" \/>\n<meta property=\"og:site_name\" content=\"Espacio Salvaje\" \/>\n<meta property=\"article:modified_time\" content=\"2024-01-22T20:22:56+00:00\" \/>\n<meta property=\"og:image\" content=\"https:\/\/www.espaciosalvaje.com\/wp-content\/uploads\/2023\/04\/Carroneras1.jpg\" \/>\n<meta name=\"twitter:card\" content=\"summary_large_image\" \/>\n<script type=\"application\/ld+json\" class=\"yoast-schema-graph\">{\"@context\":\"https:\\\/\\\/schema.org\",\"@graph\":[{\"@type\":\"WebPage\",\"@id\":\"https:\\\/\\\/www.espaciosalvaje.com\\\/\",\"url\":\"https:\\\/\\\/www.espaciosalvaje.com\\\/\",\"name\":\"Espacio Salvaje\",\"isPartOf\":{\"@id\":\"https:\\\/\\\/www.espaciosalvaje.com\\\/#website\"},\"primaryImageOfPage\":{\"@id\":\"https:\\\/\\\/www.espaciosalvaje.com\\\/#primaryimage\"},\"image\":{\"@id\":\"https:\\\/\\\/www.espaciosalvaje.com\\\/#primaryimage\"},\"thumbnailUrl\":\"https:\\\/\\\/www.espaciosalvaje.com\\\/wp-content\\\/uploads\\\/2023\\\/04\\\/Carroneras1.jpg\",\"datePublished\":\"2022-10-24T13:08:18+00:00\",\"dateModified\":\"2024-01-22T20:22:56+00:00\",\"description\":\"Descubre la naturaleza en su m\u00e1xima expresi\u00f3n con Espacio Salvaje: Observa fauna libre y paisajes \u00fanicos en los Arribes del Duero.\",\"breadcrumb\":{\"@id\":\"https:\\\/\\\/www.espaciosalvaje.com\\\/#breadcrumb\"},\"inLanguage\":\"en-US\",\"potentialAction\":[{\"@type\":\"ReadAction\",\"target\":[\"https:\\\/\\\/www.espaciosalvaje.com\\\/\"]}]},{\"@type\":\"ImageObject\",\"inLanguage\":\"en-US\",\"@id\":\"https:\\\/\\\/www.espaciosalvaje.com\\\/#primaryimage\",\"url\":\"https:\\\/\\\/www.espaciosalvaje.com\\\/wp-content\\\/uploads\\\/2023\\\/04\\\/Carroneras1.jpg\",\"contentUrl\":\"https:\\\/\\\/www.espaciosalvaje.com\\\/wp-content\\\/uploads\\\/2023\\\/04\\\/Carroneras1.jpg\"},{\"@type\":\"BreadcrumbList\",\"@id\":\"https:\\\/\\\/www.espaciosalvaje.com\\\/#breadcrumb\",\"itemListElement\":[{\"@type\":\"ListItem\",\"position\":1,\"name\":\"Inicio\",\"item\":\"https:\\\/\\\/www.espaciosalvaje.com\\\/\"},{\"@type\":\"ListItem\",\"position\":2,\"name\":\"Inicio\"}]},{\"@type\":\"WebSite\",\"@id\":\"https:\\\/\\\/www.espaciosalvaje.com\\\/#website\",\"url\":\"https:\\\/\\\/www.espaciosalvaje.com\\\/\",\"name\":\"Espacio Salvaje\",\"description\":\"Fotograf\u00eda de Naturaleza - Fauna y naturaleza en estado puro\",\"publisher\":{\"@id\":\"https:\\\/\\\/www.espaciosalvaje.com\\\/#organization\"},\"potentialAction\":[{\"@type\":\"SearchAction\",\"target\":{\"@type\":\"EntryPoint\",\"urlTemplate\":\"https:\\\/\\\/www.espaciosalvaje.com\\\/?s={search_term_string}\"},\"query-input\":{\"@type\":\"PropertyValueSpecification\",\"valueRequired\":true,\"valueName\":\"search_term_string\"}}],\"inLanguage\":\"en-US\"},{\"@type\":\"Organization\",\"@id\":\"https:\\\/\\\/www.espaciosalvaje.com\\\/#organization\",\"name\":\"Espacio Salvaje\",\"url\":\"https:\\\/\\\/www.espaciosalvaje.com\\\/\",\"logo\":{\"@type\":\"ImageObject\",\"inLanguage\":\"en-US\",\"@id\":\"https:\\\/\\\/www.espaciosalvaje.com\\\/#\\\/schema\\\/logo\\\/image\\\/\",\"url\":\"https:\\\/\\\/www.espaciosalvaje.com\\\/wp-content\\\/uploads\\\/2023\\\/04\\\/Logo-espacio-salvaje.png\",\"contentUrl\":\"https:\\\/\\\/www.espaciosalvaje.com\\\/wp-content\\\/uploads\\\/2023\\\/04\\\/Logo-espacio-salvaje.png\",\"width\":1678,\"height\":1678,\"caption\":\"Espacio Salvaje\"},\"image\":{\"@id\":\"https:\\\/\\\/www.espaciosalvaje.com\\\/#\\\/schema\\\/logo\\\/image\\\/\"}}]}<\/script>\n<!-- \/ Yoast SEO plugin. -->","yoast_head_json":{"title":"Espacio Salvaje","description":"Discover nature at its best with Espacio Salvaje: Observe free fauna and unique landscapes in the Arribes del Duero.","robots":{"index":"index","follow":"follow","max-snippet":"max-snippet:-1","max-image-preview":"max-image-preview:large","max-video-preview":"max-video-preview:-1"},"canonical":"https:\/\/www.espaciosalvaje.com\/en\/","og_locale":"en_US","og_type":"article","og_title":"Espacio Salvaje","og_description":"Descubre la naturaleza en su m\u00e1xima expresi\u00f3n con Espacio Salvaje: Observa fauna libre y paisajes \u00fanicos en los Arribes del Duero.","og_url":"https:\/\/www.espaciosalvaje.com\/en\/","og_site_name":"Espacio Salvaje","article_modified_time":"2024-01-22T20:22:56+00:00","og_image":[{"url":"https:\/\/www.espaciosalvaje.com\/wp-content\/uploads\/2023\/04\/Carroneras1.jpg","type":"","width":"","height":""}],"twitter_card":"summary_large_image","schema":{"@context":"https:\/\/schema.org","@graph":[{"@type":"WebPage","@id":"https:\/\/www.espaciosalvaje.com\/","url":"https:\/\/www.espaciosalvaje.com\/","name":"Espacio Salvaje","isPartOf":{"@id":"https:\/\/www.espaciosalvaje.com\/#website"},"primaryImageOfPage":{"@id":"https:\/\/www.espaciosalvaje.com\/#primaryimage"},"image":{"@id":"https:\/\/www.espaciosalvaje.com\/#primaryimage"},"thumbnailUrl":"https:\/\/www.espaciosalvaje.com\/wp-content\/uploads\/2023\/04\/Carroneras1.jpg","datePublished":"2022-10-24T13:08:18+00:00","dateModified":"2024-01-22T20:22:56+00:00","description":"Discover nature at its best with Espacio Salvaje: Observe free fauna and unique landscapes in the Arribes del Duero.","breadcrumb":{"@id":"https:\/\/www.espaciosalvaje.com\/#breadcrumb"},"inLanguage":"en-US","potentialAction":[{"@type":"ReadAction","target":["https:\/\/www.espaciosalvaje.com\/"]}]},{"@type":"ImageObject","inLanguage":"en-US","@id":"https:\/\/www.espaciosalvaje.com\/#primaryimage","url":"https:\/\/www.espaciosalvaje.com\/wp-content\/uploads\/2023\/04\/Carroneras1.jpg","contentUrl":"https:\/\/www.espaciosalvaje.com\/wp-content\/uploads\/2023\/04\/Carroneras1.jpg"},{"@type":"BreadcrumbList","@id":"https:\/\/www.espaciosalvaje.com\/#breadcrumb","itemListElement":[{"@type":"ListItem","position":1,"name":"Inicio","item":"https:\/\/www.espaciosalvaje.com\/"},{"@type":"ListItem","position":2,"name":"Inicio"}]},{"@type":"WebSite","@id":"https:\/\/www.espaciosalvaje.com\/#website","url":"https:\/\/www.espaciosalvaje.com\/","name":"Espacio Salvaje","description":"Nature Photography - Fauna and nature in its purest form","publisher":{"@id":"https:\/\/www.espaciosalvaje.com\/#organization"},"potentialAction":[{"@type":"SearchAction","target":{"@type":"EntryPoint","urlTemplate":"https:\/\/www.espaciosalvaje.com\/?s={search_term_string}"},"query-input":{"@type":"PropertyValueSpecification","valueRequired":true,"valueName":"search_term_string"}}],"inLanguage":"en-US"},{"@type":"Organization","@id":"https:\/\/www.espaciosalvaje.com\/#organization","name":"Espacio Salvaje","url":"https:\/\/www.espaciosalvaje.com\/","logo":{"@type":"ImageObject","inLanguage":"en-US","@id":"https:\/\/www.espaciosalvaje.com\/#\/schema\/logo\/image\/","url":"https:\/\/www.espaciosalvaje.com\/wp-content\/uploads\/2023\/04\/Logo-espacio-salvaje.png","contentUrl":"https:\/\/www.espaciosalvaje.com\/wp-content\/uploads\/2023\/04\/Logo-espacio-salvaje.png","width":1678,"height":1678,"caption":"Espacio Salvaje"},"image":{"@id":"https:\/\/www.espaciosalvaje.com\/#\/schema\/logo\/image\/"}}]}},"_links":{"self":[{"href":"https:\/\/www.espaciosalvaje.com\/en\/wp-json\/wp\/v2\/pages\/861","targetHints":{"allow":["GET"]}}],"collection":[{"href":"https:\/\/www.espaciosalvaje.com\/en\/wp-json\/wp\/v2\/pages"}],"about":[{"href":"https:\/\/www.espaciosalvaje.com\/en\/wp-json\/wp\/v2\/types\/page"}],"author":[{"embeddable":true,"href":"https:\/\/www.espaciosalvaje.com\/en\/wp-json\/wp\/v2\/users\/1"}],"replies":[{"embeddable":true,"href":"https:\/\/www.espaciosalvaje.com\/en\/wp-json\/wp\/v2\/comments?post=861"}],"version-history":[{"count":38,"href":"https:\/\/www.espaciosalvaje.com\/en\/wp-json\/wp\/v2\/pages\/861\/revisions"}],"predecessor-version":[{"id":4520,"href":"https:\/\/www.espaciosalvaje.com\/en\/wp-json\/wp\/v2\/pages\/861\/revisions\/4520"}],"wp:attachment":[{"href":"https:\/\/www.espaciosalvaje.com\/en\/wp-json\/wp\/v2\/media?parent=861"}],"curies":[{"name":"wp","href":"https:\/\/api.w.org\/{rel}","templated":true}]}}