{"id":4609,"date":"2024-05-02T12:11:09","date_gmt":"2024-05-02T10:11:09","guid":{"rendered":"https:\/\/www.espaciosalvaje.com\/?page_id=4609"},"modified":"2024-05-02T13:19:12","modified_gmt":"2024-05-02T11:19:12","slug":"grid","status":"publish","type":"page","link":"https:\/\/www.espaciosalvaje.com\/en\/grid\/","title":{"rendered":"Grid"},"content":{"rendered":"\t\t<div data-elementor-type=\"wp-page\" data-elementor-id=\"4609\" class=\"elementor elementor-4609\" data-elementor-post-type=\"page\">\n\t\t\t\t\t\t<section class=\"elementor-section elementor-top-section elementor-element elementor-element-1463143a elementor-section-content-bottom elementor-section-boxed elementor-section-height-default elementor-section-height-default\" data-id=\"1463143a\" data-element_type=\"section\" data-e-type=\"section\" data-settings=\"{&quot;background_background&quot;:&quot;classic&quot;}\">\n\t\t\t\t\t\t\t<div class=\"elementor-background-overlay\"><\/div>\n\t\t\t\t\t\t\t<div class=\"elementor-container elementor-column-gap-default\">\n\t\t\t\t\t<div class=\"elementor-column elementor-col-100 elementor-top-column elementor-element elementor-element-68a5b68d\" data-id=\"68a5b68d\" data-element_type=\"column\" data-e-type=\"column\">\n\t\t\t<div class=\"elementor-widget-wrap elementor-element-populated\">\n\t\t\t\t\t\t<div class=\"elementor-element elementor-element-803dd6c elementor-widget elementor-widget-heading\" data-id=\"803dd6c\" data-element_type=\"widget\" data-e-type=\"widget\" data-widget_type=\"heading.default\">\n\t\t\t\t<div class=\"elementor-widget-container\">\n\t\t\t\t\t<h1 class=\"elementor-heading-title elementor-size-default\">Hides<\/h1>\t\t\t\t<\/div>\n\t\t\t\t<\/div>\n\t\t\t\t\t<\/div>\n\t\t<\/div>\n\t\t\t\t\t<\/div>\n\t\t<\/section>\n\t\t\t\t<section class=\"elementor-section elementor-top-section elementor-element elementor-element-37175e8 elementor-section-boxed elementor-section-height-default elementor-section-height-default\" data-id=\"37175e8\" data-element_type=\"section\" data-e-type=\"section\" data-settings=\"{&quot;background_background&quot;:&quot;classic&quot;}\">\n\t\t\t\t\t\t<div class=\"elementor-container elementor-column-gap-default\">\n\t\t\t\t\t<div class=\"elementor-column elementor-col-100 elementor-top-column elementor-element elementor-element-707acb8\" data-id=\"707acb8\" data-element_type=\"column\" data-e-type=\"column\">\n\t\t\t<div class=\"elementor-widget-wrap elementor-element-populated\">\n\t\t\t\t\t\t<div class=\"elementor-element elementor-element-cf13492 elementor-widget elementor-widget-shortcode\" data-id=\"cf13492\" data-element_type=\"widget\" data-e-type=\"widget\" data-widget_type=\"shortcode.default\">\n\t\t\t\t<div class=\"elementor-widget-container\">\n\t\t\t\t\t\t\t<div class=\"elementor-shortcode\"><div class=\"tourmaster-tour-shortcode clearfix tourmaster-item-rvpdlr\" ><div class=\"tourmaster-tour-item clearfix  tourmaster-tour-item-style-full\"  ><div class=\"tourmaster-tour-item-holder gdlr-core-js-2 clearfix\" data-layout=\"fitrows\" ><div class=\"tourmaster-item-list tourmaster-tour-full tourmaster-item-mglr clearfix \" ><div class=\"tourmaster-thumbnail-ribbon gdlr-core-outer-frame-element\" style=\"color: #ffffff;background-color: #467be7;\"  ><div class=\"tourmaster-thumbnail-ribbon-cornor\" style=\"border-right-color: rgba(70, 123, 231, 0.5);\"  ><\/div>esto es el promo text<\/div><div class=\"tourmaster-tour-full-inner\" ><div class=\"tourmaster-tour-thumbnail tourmaster-media-image \"  ><a href=\"https:\/\/www.espaciosalvaje.com\/en\/tour\/observacion-de-lobo-iberico\/\" ><img fetchpriority=\"high\" decoding=\"async\" src=\"https:\/\/www.espaciosalvaje.com\/wp-content\/uploads\/2024\/02\/2022-038-Miguel-Angel-Gago-Gago-scaled.jpg\" alt=\"\" width=\"1920\" height=\"1484\" \/><\/a><\/div><div class=\"tourmaster-tour-content-wrap clearfix \" ><div class=\"tourmaster-content-left\" ><h3 class=\"tourmaster-tour-title gdlr-core-skin-title\"  ><a href=\"https:\/\/www.espaciosalvaje.com\/en\/tour\/observacion-de-lobo-iberico\/\" >Observaci\u00f3n de Lobo Ib\u00e9rico<\/a><\/h3><div class=\"tourmaster-tour-content\" >El Centro del Lobo Ib\u00e9rico de Castilla y Le\u00f3n es un complejo educativo ubicado en la localidad espa\u00f1ola de Robledo, perteneciente al municipio de Puebla de Sanabria, en la zona noroccidental de la provincia de Zamora, comunidad aut\u00f3noma de Castilla y Le\u00f3n. Fue inaugurado en octubre de 2015.<\/div><\/div><div class=\"tourmaster-content-right tourmaster-center-tour-content\" ><div class=\"tourmaster-tour-price-wrap \" ><span class=\"tourmaster-tour-price\" ><span class=\"tourmaster-head\">From<\/span><span class=\"tourmaster-tail\">1.234 \u20ac<\/span><\/span><\/div><a class=\"tourmaster-tour-view-more\" href=\"https:\/\/www.espaciosalvaje.com\/en\/tour\/observacion-de-lobo-iberico\/\" >View Details<\/a><\/div><\/div><\/div><\/div><div class=\"tourmaster-item-list tourmaster-tour-full tourmaster-item-mglr clearfix \" ><div class=\"tourmaster-tour-full-inner\" ><div class=\"tourmaster-tour-thumbnail tourmaster-media-image \"  ><a href=\"https:\/\/www.espaciosalvaje.com\/en\/tour\/rececho-de-ciervos\/\" ><img decoding=\"async\" src=\"https:\/\/www.espaciosalvaje.com\/wp-content\/uploads\/2023\/04\/ciervo2.jpg\" alt=\"Ciervo 2\" width=\"1500\" height=\"1172\" \/><\/a><\/div><div class=\"tourmaster-tour-content-wrap clearfix \" ><div class=\"tourmaster-content-left\" ><h3 class=\"tourmaster-tour-title gdlr-core-skin-title\"  ><a href=\"https:\/\/www.espaciosalvaje.com\/en\/tour\/rececho-de-ciervos\/\" >Rececho de ciervos<\/a><\/h3><div class=\"tourmaster-tour-content\" >\u00bfQuieres vivir una autentica aventura?, nos mimetizamos en la naturaleza y nos vamos en busca de los ciervos mas grandes de la pen\u00ednsula ib\u00e9rica, con salidas para dos personas y con guillis realizaremos esperas para disfrutar a poca distancia de animales como ciervos y corzo.<\/div><\/div><div class=\"tourmaster-content-right tourmaster-center-tour-content\" ><a class=\"tourmaster-tour-view-more\" href=\"https:\/\/www.espaciosalvaje.com\/en\/tour\/rececho-de-ciervos\/\" >View Details<\/a><\/div><\/div><\/div><\/div><div class=\"tourmaster-item-list tourmaster-tour-full tourmaster-item-mglr clearfix \" ><div class=\"tourmaster-tour-full-inner\" ><div class=\"tourmaster-tour-thumbnail tourmaster-media-image \"  ><a href=\"https:\/\/www.espaciosalvaje.com\/en\/tour\/tour-de-carroneros\/\" ><img decoding=\"async\" src=\"https:\/\/www.espaciosalvaje.com\/wp-content\/uploads\/2023\/04\/Carroneras1.jpg\" alt=\"Ave carro\u00f1era 2\" width=\"1199\" height=\"1199\" \/><\/a><\/div><div class=\"tourmaster-tour-content-wrap clearfix \" ><div class=\"tourmaster-content-left\" ><h3 class=\"tourmaster-tour-title gdlr-core-skin-title\"  ><a href=\"https:\/\/www.espaciosalvaje.com\/en\/tour\/tour-de-carroneros\/\" >Tour de carro\u00f1eros<\/a><\/h3><div class=\"tourmaster-tour-content\" >Un hide espectacular durante todo el a\u00f1o, con orientaci\u00f3n norte, lo usamos tanto de jornadas de ma\u00f1ana como de tarde, y no deja indiferente a nadie, seg\u00fan las \u00e9pocas del a\u00f1o, podemos encontrarnos buitre leonado, buitre negro, alimoches, milano real, milano negro, \u2026<\/div><\/div><div class=\"tourmaster-content-right tourmaster-center-tour-content\" ><a class=\"tourmaster-tour-view-more\" href=\"https:\/\/www.espaciosalvaje.com\/en\/tour\/tour-de-carroneros\/\" >View Details<\/a><\/div><\/div><\/div><\/div><div class=\"tourmaster-item-list tourmaster-tour-full tourmaster-item-mglr clearfix \" ><div class=\"tourmaster-tour-full-inner\" ><div class=\"tourmaster-tour-thumbnail tourmaster-media-image \"  ><a href=\"https:\/\/www.espaciosalvaje.com\/en\/tour\/hide-de-paseriformes\/\" ><img loading=\"lazy\" decoding=\"async\" src=\"https:\/\/www.espaciosalvaje.com\/wp-content\/uploads\/2023\/04\/Paseriformes9-rotated.jpg\" alt=\"Ave paseriforme - 9\" width=\"1500\" height=\"1159\" \/><\/a><\/div><div class=\"tourmaster-tour-content-wrap clearfix \" ><div class=\"tourmaster-content-left\" ><h3 class=\"tourmaster-tour-title gdlr-core-skin-title\"  ><a href=\"https:\/\/www.espaciosalvaje.com\/en\/tour\/hide-de-paseriformes\/\" >Hide de paseriformes<\/a><\/h3><div class=\"tourmaster-tour-content\" >Hide construido en madera de 3x2 con capacidad para 4 fotografos, posiblemente uno de nuestros hides m\u00e1s entretenidos, en una finca discreta pero un entorno incre\u00edble, dispone de charca mimetizada, posaderos y comederos. Con un poco de suerte y seg\u00fan la \u00e9poca del a\u00f1o, podemos encontrar gavilan, curruca mirlona, tortola europea, pico picapinos, carboneros, escribanos [&hellip;]<\/div><\/div><div class=\"tourmaster-content-right tourmaster-center-tour-content\" ><a class=\"tourmaster-tour-view-more\" href=\"https:\/\/www.espaciosalvaje.com\/en\/tour\/hide-de-paseriformes\/\" >View Details<\/a><\/div><\/div><\/div><\/div><div class=\"tourmaster-item-list tourmaster-tour-full tourmaster-item-mglr clearfix \" ><div class=\"tourmaster-tour-full-inner\" ><div class=\"tourmaster-tour-thumbnail tourmaster-media-image \"  ><a href=\"https:\/\/www.espaciosalvaje.com\/en\/tour\/hide-de-aguila-real\/\" ><img loading=\"lazy\" decoding=\"async\" src=\"https:\/\/www.espaciosalvaje.com\/wp-content\/uploads\/2023\/04\/Aguila-real2-rotated.jpg\" alt=\"\u00c1guila Real - 2\" width=\"1500\" height=\"1159\" \/><\/a><\/div><div class=\"tourmaster-tour-content-wrap clearfix \" ><div class=\"tourmaster-content-left\" ><h3 class=\"tourmaster-tour-title gdlr-core-skin-title\"  ><a href=\"https:\/\/www.espaciosalvaje.com\/en\/tour\/hide-de-aguila-real\/\" >Hide de \u00c1guila Real<\/a><\/h3><div class=\"tourmaster-tour-content\" >Rapaz emblem\u00e1tica de los Arribes del Duero y la m\u00e1s poderosa de nuestras Rapaces, con una embergadura de 2 metros, nos deja con la boca abierta con los espectaculares vuelos que realiza delante de nuestro hide. Perfectamente adaptada al entorno, acualmente este territorio est\u00e1 ocupado por una pareja adulta que se encuentra activa durante todo [&hellip;]<\/div><\/div><div class=\"tourmaster-content-right tourmaster-center-tour-content\" ><a class=\"tourmaster-tour-view-more\" href=\"https:\/\/www.espaciosalvaje.com\/en\/tour\/hide-de-aguila-real\/\" >View Details<\/a><\/div><\/div><\/div><\/div><div class=\"tourmaster-item-list tourmaster-tour-full tourmaster-item-mglr clearfix \" ><div class=\"tourmaster-tour-full-inner\" ><div class=\"tourmaster-tour-thumbnail tourmaster-media-image \"  ><a href=\"https:\/\/www.espaciosalvaje.com\/en\/tour\/new-york-subway-ticket\/\" ><\/a><\/div><div class=\"tourmaster-tour-content-wrap clearfix \" ><div class=\"tourmaster-content-left\" ><h3 class=\"tourmaster-tour-title gdlr-core-skin-title\"  ><a href=\"https:\/\/www.espaciosalvaje.com\/en\/tour\/new-york-subway-ticket\/\" >New York Subway Ticket<\/a><\/h3><div class=\"tourmaster-tour-content\" >Tour Detail Duis mollis, est non commodo luctus, nisi erat porttitor ligula, eget lacinia odio sem nec elit. Praesent commodo cursus magna, vel scelerisque nisl consectetur et. Integer posuere erat a ante venenatis dapibus posuere velit aliquet. Fusce dapibus, tellus ac cursus commodo, tortor mauris condimentum nibh, ut fermentum massa justo sit amet risus. Integer [&hellip;]<\/div><\/div><div class=\"tourmaster-content-right tourmaster-center-tour-content\" ><div class=\"tourmaster-tour-price-wrap \" ><span class=\"tourmaster-tour-price\" ><span class=\"tourmaster-head\">From<\/span><span class=\"tourmaster-tail\">30 \u20ac<\/span><\/span><\/div><a class=\"tourmaster-tour-view-more\" href=\"https:\/\/www.espaciosalvaje.com\/en\/tour\/new-york-subway-ticket\/\" >View Details<\/a><\/div><\/div><\/div><\/div><\/div><\/div><\/div><\/div>\n\t\t\t\t\t\t<\/div>\n\t\t\t\t<\/div>\n\t\t\t\t\t<\/div>\n\t\t<\/div>\n\t\t\t\t\t<\/div>\n\t\t<\/section>\n\t\t\t\t<\/div>\n\t\t","protected":false},"excerpt":{"rendered":"<p>Hides<\/p>","protected":false},"author":1,"featured_media":0,"parent":0,"menu_order":2,"comment_status":"closed","ping_status":"closed","template":"","meta":{"site-sidebar-layout":"default","site-content-layout":"","ast-site-content-layout":"default","site-content-style":"default","site-sidebar-style":"default","ast-global-header-display":"","ast-banner-title-visibility":"","ast-main-header-display":"","ast-hfb-above-header-display":"","ast-hfb-below-header-display":"","ast-hfb-mobile-header-display":"","site-post-title":"","ast-breadcrumbs-content":"","ast-featured-img":"","footer-sml-layout":"","ast-disable-related-posts":"","theme-transparent-header-meta":"default","adv-header-id-meta":"","stick-header-meta":"default","header-above-stick-meta":"","header-main-stick-meta":"","header-below-stick-meta":"","astra-migrate-meta-layouts":"set","ast-page-background-enabled":"default","ast-page-background-meta":{"desktop":{"background-color":"var(--ast-global-color-4)","background-image":"","background-repeat":"repeat","background-position":"center center","background-size":"auto","background-attachment":"scroll","background-type":"","background-media":"","overlay-type":"","overlay-color":"","overlay-opacity":"","overlay-gradient":""},"tablet":{"background-color":"","background-image":"","background-repeat":"repeat","background-position":"center center","background-size":"auto","background-attachment":"scroll","background-type":"","background-media":"","overlay-type":"","overlay-color":"","overlay-opacity":"","overlay-gradient":""},"mobile":{"background-color":"","background-image":"","background-repeat":"repeat","background-position":"center center","background-size":"auto","background-attachment":"scroll","background-type":"","background-media":"","overlay-type":"","overlay-color":"","overlay-opacity":"","overlay-gradient":""}},"ast-content-background-meta":{"desktop":{"background-color":"var(--ast-global-color-5)","background-image":"","background-repeat":"repeat","background-position":"center center","background-size":"auto","background-attachment":"scroll","background-type":"","background-media":"","overlay-type":"","overlay-color":"","overlay-opacity":"","overlay-gradient":""},"tablet":{"background-color":"var(--ast-global-color-5)","background-image":"","background-repeat":"repeat","background-position":"center center","background-size":"auto","background-attachment":"scroll","background-type":"","background-media":"","overlay-type":"","overlay-color":"","overlay-opacity":"","overlay-gradient":""},"mobile":{"background-color":"var(--ast-global-color-5)","background-image":"","background-repeat":"repeat","background-position":"center center","background-size":"auto","background-attachment":"scroll","background-type":"","background-media":"","overlay-type":"","overlay-color":"","overlay-opacity":"","overlay-gradient":""}},"_joinchat":[],"footnotes":""},"class_list":["post-4609","page","type-page","status-publish","hentry"],"yoast_head":"<!-- This site is optimized with the Yoast SEO plugin v27.4 - https:\/\/yoast.com\/product\/yoast-seo-wordpress\/ -->\n<title>Grid - Espacio Salvaje<\/title>\n<meta name=\"description\" content=\"Experiencias \u00fanicas de observaci\u00f3n de la naturaleza en los Arribes del Duero. Desde el majestuoso \u00c1guila Real hasta la fascinante fauna en nuestros hides de paseriformes y carro\u00f1eros.\" \/>\n<meta name=\"robots\" content=\"index, follow, max-snippet:-1, max-image-preview:large, max-video-preview:-1\" \/>\n<link rel=\"canonical\" href=\"https:\/\/www.espaciosalvaje.com\/en\/grid\/\" \/>\n<meta property=\"og:locale\" content=\"en_US\" \/>\n<meta property=\"og:type\" content=\"article\" \/>\n<meta property=\"og:title\" content=\"Grid - Espacio Salvaje\" \/>\n<meta property=\"og:description\" content=\"Experiencias \u00fanicas de observaci\u00f3n de la naturaleza en los Arribes del Duero. Desde el majestuoso \u00c1guila Real hasta la fascinante fauna en nuestros hides de paseriformes y carro\u00f1eros.\" \/>\n<meta property=\"og:url\" content=\"https:\/\/www.espaciosalvaje.com\/en\/grid\/\" \/>\n<meta property=\"og:site_name\" content=\"Espacio Salvaje\" \/>\n<meta property=\"article:modified_time\" content=\"2024-05-02T11:19:12+00:00\" \/>\n<meta property=\"og:image\" content=\"https:\/\/www.espaciosalvaje.com\/wp-content\/uploads\/2023\/04\/cropped-Logo-espacio-salvaje.png\" \/>\n\t<meta property=\"og:image:width\" content=\"512\" \/>\n\t<meta property=\"og:image:height\" content=\"512\" \/>\n\t<meta property=\"og:image:type\" content=\"image\/png\" \/>\n<meta name=\"twitter:card\" content=\"summary_large_image\" \/>\n<script type=\"application\/ld+json\" class=\"yoast-schema-graph\">{\"@context\":\"https:\\\/\\\/schema.org\",\"@graph\":[{\"@type\":\"WebPage\",\"@id\":\"https:\\\/\\\/www.espaciosalvaje.com\\\/grid\\\/\",\"url\":\"https:\\\/\\\/www.espaciosalvaje.com\\\/grid\\\/\",\"name\":\"Grid - Espacio Salvaje\",\"isPartOf\":{\"@id\":\"https:\\\/\\\/www.espaciosalvaje.com\\\/#website\"},\"datePublished\":\"2024-05-02T10:11:09+00:00\",\"dateModified\":\"2024-05-02T11:19:12+00:00\",\"description\":\"Experiencias \u00fanicas de observaci\u00f3n de la naturaleza en los Arribes del Duero. Desde el majestuoso \u00c1guila Real hasta la fascinante fauna en nuestros hides de paseriformes y carro\u00f1eros.\",\"breadcrumb\":{\"@id\":\"https:\\\/\\\/www.espaciosalvaje.com\\\/grid\\\/#breadcrumb\"},\"inLanguage\":\"en-US\",\"potentialAction\":[{\"@type\":\"ReadAction\",\"target\":[\"https:\\\/\\\/www.espaciosalvaje.com\\\/grid\\\/\"]}]},{\"@type\":\"BreadcrumbList\",\"@id\":\"https:\\\/\\\/www.espaciosalvaje.com\\\/grid\\\/#breadcrumb\",\"itemListElement\":[{\"@type\":\"ListItem\",\"position\":1,\"name\":\"Inicio\",\"item\":\"https:\\\/\\\/www.espaciosalvaje.com\\\/\"},{\"@type\":\"ListItem\",\"position\":2,\"name\":\"Grid\"}]},{\"@type\":\"WebSite\",\"@id\":\"https:\\\/\\\/www.espaciosalvaje.com\\\/#website\",\"url\":\"https:\\\/\\\/www.espaciosalvaje.com\\\/\",\"name\":\"Espacio Salvaje\",\"description\":\"Fotograf\u00eda de Naturaleza - Fauna y naturaleza en estado puro\",\"publisher\":{\"@id\":\"https:\\\/\\\/www.espaciosalvaje.com\\\/#organization\"},\"potentialAction\":[{\"@type\":\"SearchAction\",\"target\":{\"@type\":\"EntryPoint\",\"urlTemplate\":\"https:\\\/\\\/www.espaciosalvaje.com\\\/?s={search_term_string}\"},\"query-input\":{\"@type\":\"PropertyValueSpecification\",\"valueRequired\":true,\"valueName\":\"search_term_string\"}}],\"inLanguage\":\"en-US\"},{\"@type\":\"Organization\",\"@id\":\"https:\\\/\\\/www.espaciosalvaje.com\\\/#organization\",\"name\":\"Espacio Salvaje\",\"url\":\"https:\\\/\\\/www.espaciosalvaje.com\\\/\",\"logo\":{\"@type\":\"ImageObject\",\"inLanguage\":\"en-US\",\"@id\":\"https:\\\/\\\/www.espaciosalvaje.com\\\/#\\\/schema\\\/logo\\\/image\\\/\",\"url\":\"https:\\\/\\\/www.espaciosalvaje.com\\\/wp-content\\\/uploads\\\/2023\\\/04\\\/Logo-espacio-salvaje.png\",\"contentUrl\":\"https:\\\/\\\/www.espaciosalvaje.com\\\/wp-content\\\/uploads\\\/2023\\\/04\\\/Logo-espacio-salvaje.png\",\"width\":1678,\"height\":1678,\"caption\":\"Espacio Salvaje\"},\"image\":{\"@id\":\"https:\\\/\\\/www.espaciosalvaje.com\\\/#\\\/schema\\\/logo\\\/image\\\/\"}}]}<\/script>\n<!-- \/ Yoast SEO plugin. -->","yoast_head_json":{"title":"Grid - Espacio Salvaje","description":"Unique nature observation experiences in the Arribes del Duero. From the majestic Golden Eagle to the fascinating fauna in our passerine and scavenger hides.","robots":{"index":"index","follow":"follow","max-snippet":"max-snippet:-1","max-image-preview":"max-image-preview:large","max-video-preview":"max-video-preview:-1"},"canonical":"https:\/\/www.espaciosalvaje.com\/en\/grid\/","og_locale":"en_US","og_type":"article","og_title":"Grid - Espacio Salvaje","og_description":"Experiencias \u00fanicas de observaci\u00f3n de la naturaleza en los Arribes del Duero. Desde el majestuoso \u00c1guila Real hasta la fascinante fauna en nuestros hides de paseriformes y carro\u00f1eros.","og_url":"https:\/\/www.espaciosalvaje.com\/en\/grid\/","og_site_name":"Espacio Salvaje","article_modified_time":"2024-05-02T11:19:12+00:00","og_image":[{"width":512,"height":512,"url":"https:\/\/www.espaciosalvaje.com\/wp-content\/uploads\/2023\/04\/cropped-Logo-espacio-salvaje.png","type":"image\/png"}],"twitter_card":"summary_large_image","schema":{"@context":"https:\/\/schema.org","@graph":[{"@type":"WebPage","@id":"https:\/\/www.espaciosalvaje.com\/grid\/","url":"https:\/\/www.espaciosalvaje.com\/grid\/","name":"Grid - Espacio Salvaje","isPartOf":{"@id":"https:\/\/www.espaciosalvaje.com\/#website"},"datePublished":"2024-05-02T10:11:09+00:00","dateModified":"2024-05-02T11:19:12+00:00","description":"Unique nature observation experiences in the Arribes del Duero. From the majestic Golden Eagle to the fascinating fauna in our passerine and scavenger hides.","breadcrumb":{"@id":"https:\/\/www.espaciosalvaje.com\/grid\/#breadcrumb"},"inLanguage":"en-US","potentialAction":[{"@type":"ReadAction","target":["https:\/\/www.espaciosalvaje.com\/grid\/"]}]},{"@type":"BreadcrumbList","@id":"https:\/\/www.espaciosalvaje.com\/grid\/#breadcrumb","itemListElement":[{"@type":"ListItem","position":1,"name":"Inicio","item":"https:\/\/www.espaciosalvaje.com\/"},{"@type":"ListItem","position":2,"name":"Grid"}]},{"@type":"WebSite","@id":"https:\/\/www.espaciosalvaje.com\/#website","url":"https:\/\/www.espaciosalvaje.com\/","name":"Espacio Salvaje","description":"Nature Photography - Fauna and nature in its purest form","publisher":{"@id":"https:\/\/www.espaciosalvaje.com\/#organization"},"potentialAction":[{"@type":"SearchAction","target":{"@type":"EntryPoint","urlTemplate":"https:\/\/www.espaciosalvaje.com\/?s={search_term_string}"},"query-input":{"@type":"PropertyValueSpecification","valueRequired":true,"valueName":"search_term_string"}}],"inLanguage":"en-US"},{"@type":"Organization","@id":"https:\/\/www.espaciosalvaje.com\/#organization","name":"Espacio Salvaje","url":"https:\/\/www.espaciosalvaje.com\/","logo":{"@type":"ImageObject","inLanguage":"en-US","@id":"https:\/\/www.espaciosalvaje.com\/#\/schema\/logo\/image\/","url":"https:\/\/www.espaciosalvaje.com\/wp-content\/uploads\/2023\/04\/Logo-espacio-salvaje.png","contentUrl":"https:\/\/www.espaciosalvaje.com\/wp-content\/uploads\/2023\/04\/Logo-espacio-salvaje.png","width":1678,"height":1678,"caption":"Espacio Salvaje"},"image":{"@id":"https:\/\/www.espaciosalvaje.com\/#\/schema\/logo\/image\/"}}]}},"_links":{"self":[{"href":"https:\/\/www.espaciosalvaje.com\/en\/wp-json\/wp\/v2\/pages\/4609","targetHints":{"allow":["GET"]}}],"collection":[{"href":"https:\/\/www.espaciosalvaje.com\/en\/wp-json\/wp\/v2\/pages"}],"about":[{"href":"https:\/\/www.espaciosalvaje.com\/en\/wp-json\/wp\/v2\/types\/page"}],"author":[{"embeddable":true,"href":"https:\/\/www.espaciosalvaje.com\/en\/wp-json\/wp\/v2\/users\/1"}],"replies":[{"embeddable":true,"href":"https:\/\/www.espaciosalvaje.com\/en\/wp-json\/wp\/v2\/comments?post=4609"}],"version-history":[{"count":10,"href":"https:\/\/www.espaciosalvaje.com\/en\/wp-json\/wp\/v2\/pages\/4609\/revisions"}],"predecessor-version":[{"id":4639,"href":"https:\/\/www.espaciosalvaje.com\/en\/wp-json\/wp\/v2\/pages\/4609\/revisions\/4639"}],"wp:attachment":[{"href":"https:\/\/www.espaciosalvaje.com\/en\/wp-json\/wp\/v2\/media?parent=4609"}],"curies":[{"name":"wp","href":"https:\/\/api.w.org\/{rel}","templated":true}]}}